{"id":3884,"date":"2018-02-01T14:19:38","date_gmt":"2018-02-01T13:19:38","guid":{"rendered":"https:\/\/slegal.de\/lawyers\/holger-schuetz-ll-m-osnabrueck\/"},"modified":"2023-11-22T22:36:42","modified_gmt":"2023-11-22T21:36:42","slug":"holger-schuetz","status":"publish","type":"page","link":"https:\/\/slegal.de\/en\/lawyers\/holger-schuetz\/","title":{"rendered":"Holger Sch\u00fctz, LL.M. (Osnabr\u00fcck)"},"content":{"rendered":"<div class=\"wpb-content-wrapper\"><p>[vc_row full_width=&#8221;stretch_row&#8221;][vc_column]\n\t\t\t<section class=\"text-left cover height-80 imagebg\" data-overlay=\"5\" >\n\t\t\t\t<div class=\"background-image-holder\">\n\t\t\t\t\t<img loading=\"lazy\" decoding=\"async\" width=\"1920\" height=\"1281\" src=\"https:\/\/slegal.de\/wp-content\/uploads\/2017\/12\/2017_11_06_Schwenke_Schuetz_RAW7878.jpg\" class=\"attachment-full size-full\" alt=\"Holger Sch\u00fctz - Rechtsanwalt und Notar in Berlin bei Schwenke Sch\u00fctz\" srcset=\"https:\/\/slegal.de\/wp-content\/uploads\/2017\/12\/2017_11_06_Schwenke_Schuetz_RAW7878.jpg 1920w, https:\/\/slegal.de\/wp-content\/uploads\/2017\/12\/2017_11_06_Schwenke_Schuetz_RAW7878-300x200.jpg 300w, https:\/\/slegal.de\/wp-content\/uploads\/2017\/12\/2017_11_06_Schwenke_Schuetz_RAW7878-768x512.jpg 768w, https:\/\/slegal.de\/wp-content\/uploads\/2017\/12\/2017_11_06_Schwenke_Schuetz_RAW7878-1024x683.jpg 1024w\" sizes=\"auto, (max-width: 1920px) 100vw, 1920px\" \/>\n\t\t\t\t<\/div>\n\t\t\t\t<div class=\"container pos-vertical-center\">\n\t\t\t\t\t<div class=\"row\">\n\t\t\t\t\t\t<div class=\"col-sm-12\">[vc_row_inner][vc_column_inner width=&#8221;1\/2&#8243;][vc_column_text]<\/p>\n<h1>Holger Sch\u00fctz, LL.M. (Osnabr\u00fcck)<\/h1>\n<p>[\/vc_column_text][vc_empty_space][vc_column_text]<\/p>\n<p class=\"lead\"><span style=\"font-weight: 600;\">Lawyer and notary<\/span><br \/>\nEnglish<\/p>\n<p>[\/vc_column_text][vc_empty_space height=&#8221;20px&#8221;][vc_column_text]<a class=\"btn btn--primary type--uppercase\" href=\"https:\/\/slegal.de\/en\/contact\/\">GET IN TOUCH<\/a>[\/vc_column_text][\/vc_column_inner][vc_column_inner width=&#8221;1\/2&#8243;][\/vc_column_inner][\/vc_row_inner]<\/div>\n\t\t\t\t\t<\/div><!--end of row-->\n\t\t\t\t<\/div><!--end of container-->\n\t\t\t\t\n\t\t\t<\/section>\n\t\t[\/vc_column][\/vc_row][vc_section][vc_row content_placement=&#8221;middle&#8221;][vc_column width=&#8221;1\/3&#8243;][vc_single_image image=&#8221;3230&#8243; img_size=&#8221;full&#8221; style=&#8221;vc_box_circle_2&#8243; el_id=&#8221;profil-bild-anwalt&#8221;][\/vc_column][vc_column width=&#8221;2\/3&#8243;][vc_column_text]<\/p>\n<p class=\"lead\">Holger Sch\u00fctz advises companies, investors and private individuals on the design and execution of real estate transactions and holdings transfers, as well as on property development projects and building associations. In addition, he advises on all related corporate, real estate and tenancy matters, including their procedural implementation.<\/p>\n<p class=\"lead\">Mail: <a href=\"mailto:holger.schuetz@slegal.de\">holger.schuetz@slegal.de<\/a><\/p>\n<p>[\/vc_column_text][\/vc_column][\/vc_row][vc_row css=&#8221;.vc_custom_1513339291706{padding-top: 50px !important;}&#8221;][vc_column width=&#8221;1\/2&#8243; css=&#8221;.vc_custom_1513339381110{padding-bottom: 20px !important;}&#8221;][vc_column_text]<\/p>\n<h4>Career<\/h4>\n<ul class=\"vita\">\n<li class=\"lead\">Adjunct lecturer at the Berlin School of Law (Hochschule f\u00fcr Recht, HWR)<\/li>\n<li class=\"lead\">Speaker at the German Lawyers Academy (DeutscheAnwaltAkademie)<\/li>\n<li class=\"lead\">Notary since 2018 (with the official seat in Berlin)<\/li>\n<li class=\"lead\">Specialist lawyer for tenancy and condominium law since 2009<\/li>\n<li class=\"lead\">Attorney since 2006<\/li>\n<li class=\"lead\">Master of Taxation (LL.M. tax) from the University of Osnabr\u00fcck<\/li>\n<li class=\"lead\">Studied in Berlin<\/li>\n<li class=\"lead\">Legal clerkship at the Kammergericht (a regional court in Berlin)<\/li>\n<\/ul>\n<p>[\/vc_column_text][\/vc_column][vc_column width=&#8221;1\/2&#8243; css=&#8221;.vc_custom_1513339386431{padding-bottom: 20px !important;}&#8221;][vc_column_text]<\/p>\n<h4>Publications<\/h4>\n<ul class=\"vita\">\n<li class=\"lead\">The GbR as a Stumbling Block in Investment &amp; Shareholders&#8217; Agreement (ISHA)? (NZG 2023, 1494)<\/li>\n<li class=\"lead\">Proof of Resolution in the &#8216;Digitalization Trap&#8217; (MittbayNot 2022,424)<\/li>\n<li class=\"lead\">Notarization Requirement for Amendments to the Lease Agreement (ZMR 2021, 291)<\/li>\n<li class=\"lead\">Security according to \u00a7 632a para. 3 and 4 BGB (German Civil Code) (MittBayNot 2016,211)<\/li>\n<li class=\"lead\">VAT in the Operating Costs Settlement (NZM 2014,417)<\/li>\n<li class=\"lead\">Avoidance of Hidden Profit Distribution (DStZ 2004,14)<\/li>\n<li class=\"lead\">Co-author in the Fuhrmann Commentary on the Foreign Tax Act (NWB-Verlag)<\/li>\n<\/ul>\n<p>[\/vc_column_text][\/vc_column][\/vc_row][\/vc_section][vc_section el_class=&#8221;bg&#8211;secondary&#8221;][vc_row css=&#8221;.vc_custom_1517315741796{padding-bottom: 50px !important;}&#8221;][vc_column width=&#8221;1\/6&#8243;][\/vc_column][vc_column width=&#8221;2\/3&#8243;][vc_column_text]<\/p>\n<h2 style=\"text-align: center;\">Expertise<\/h2>\n<p>[\/vc_column_text][\/vc_column][vc_column width=&#8221;1\/6&#8243;][\/vc_column][\/vc_row][vc_row css=&#8221;.vc_custom_1510228906899{padding-top: 10px !important;}&#8221;][vc_column]\n\t\t\t<a href=\"https:\/\/slegal.de\/en\/notaries\/\" class=\" block\">\n\t\t\t    <div class=\"feature feature-7 boxed text-center imagebg\" data-overlay=\"3\">\n\t\t\t        <div class=\"background-image-holder\">\n\t\t\t            <img loading=\"lazy\" decoding=\"async\" width=\"1024\" height=\"480\" src=\"https:\/\/slegal.de\/wp-content\/uploads\/2017\/11\/notariat-schwenkeschuetz-1024x480.jpg\" class=\"attachment-large size-large\" alt=\"Notariat Schwenke Sch\u00fctz\" srcset=\"https:\/\/slegal.de\/wp-content\/uploads\/2017\/11\/notariat-schwenkeschuetz-1024x480.jpg 1024w, https:\/\/slegal.de\/wp-content\/uploads\/2017\/11\/notariat-schwenkeschuetz-300x141.jpg 300w, https:\/\/slegal.de\/wp-content\/uploads\/2017\/11\/notariat-schwenkeschuetz-768x360.jpg 768w, https:\/\/slegal.de\/wp-content\/uploads\/2017\/11\/notariat-schwenkeschuetz.jpg 1920w\" sizes=\"auto, (max-width: 1024px) 100vw, 1024px\" \/>\n\t\t\t        <\/div>\n\t\t\t        <h4 class=\"pos-vertical-center\">Notaries<\/h4>\n\t\t\t    <\/div>\n\t\t\t<\/a>\n\t\t[\/vc_column][\/vc_row][vc_row css=&#8221;.vc_custom_1510228906899{padding-top: 10px !important;}&#8221;][vc_column]\n\t\t\t<a href=\"https:\/\/slegal.de\/en\/expertise\/company-law\/\" class=\" block\">\n\t\t\t    <div class=\"feature feature-7 boxed text-center imagebg\" data-overlay=\"3\">\n\t\t\t        <div class=\"background-image-holder\">\n\t\t\t            <img loading=\"lazy\" decoding=\"async\" width=\"1024\" height=\"682\" src=\"https:\/\/slegal.de\/wp-content\/uploads\/2017\/11\/gesellschaftsrecht-1024x682.jpeg\" class=\"attachment-large size-large\" alt=\"Gesellschaftsrecht\" srcset=\"https:\/\/slegal.de\/wp-content\/uploads\/2017\/11\/gesellschaftsrecht-1024x682.jpeg 1024w, https:\/\/slegal.de\/wp-content\/uploads\/2017\/11\/gesellschaftsrecht-300x200.jpeg 300w, https:\/\/slegal.de\/wp-content\/uploads\/2017\/11\/gesellschaftsrecht-768x512.jpeg 768w, https:\/\/slegal.de\/wp-content\/uploads\/2017\/11\/gesellschaftsrecht.jpeg 1280w\" sizes=\"auto, (max-width: 1024px) 100vw, 1024px\" \/>\n\t\t\t        <\/div>\n\t\t\t        <h4 class=\"pos-vertical-center\">Company law<\/h4>\n\t\t\t    <\/div>\n\t\t\t<\/a>\n\t\t[\/vc_column][\/vc_row][vc_row css=&#8221;.vc_custom_1510228906899{padding-top: 10px !important;}&#8221;][vc_column]\n\t\t\t<a href=\"https:\/\/slegal.de\/en\/expertise\/real-estate\" class=\" block\">\n\t\t\t    <div class=\"feature feature-7 boxed text-center imagebg\" data-overlay=\"3\">\n\t\t\t        <div class=\"background-image-holder\">\n\t\t\t            <img loading=\"lazy\" decoding=\"async\" width=\"1024\" height=\"682\" src=\"https:\/\/slegal.de\/wp-content\/uploads\/2017\/11\/immobilienwirtschaft-1024x682.jpeg\" class=\"attachment-large size-large\" alt=\"Immobilienwirtschaft\" srcset=\"https:\/\/slegal.de\/wp-content\/uploads\/2017\/11\/immobilienwirtschaft-1024x682.jpeg 1024w, https:\/\/slegal.de\/wp-content\/uploads\/2017\/11\/immobilienwirtschaft-300x200.jpeg 300w, https:\/\/slegal.de\/wp-content\/uploads\/2017\/11\/immobilienwirtschaft-768x512.jpeg 768w, https:\/\/slegal.de\/wp-content\/uploads\/2017\/11\/immobilienwirtschaft.jpeg 1280w\" sizes=\"auto, (max-width: 1024px) 100vw, 1024px\" \/>\n\t\t\t        <\/div>\n\t\t\t        <h4 class=\"pos-vertical-center\">Real estate<\/h4>\n\t\t\t    <\/div>\n\t\t\t<\/a>\n\t\t[\/vc_column][\/vc_row][\/vc_section][vc_section css=&#8221;.vc_custom_1513425059527{background-color: #355168 !important;}&#8221;][vc_row][vc_column width=&#8221;1\/4&#8243;][\/vc_column][vc_column width=&#8221;1\/2&#8243;][vc_column_text]<\/p>\n<h2 style=\"text-align: center; color: #fff;\">Your right is our focus<\/h2>\n<p class=\"lead\" style=\"text-align: center; color: #fff;\">You need legal advisory at the highest level? We are there to help you with our expertise.<\/p>\n<p style=\"text-align: center;\"><a class=\"btn btn--primary type--uppercase\" href=\"https:\/\/slegal.de\/en\/contact\/\">GET IN TOUCH<\/a><\/p>\n<p>[\/vc_column_text][\/vc_column][vc_column width=&#8221;1\/4&#8243;][\/vc_column][\/vc_row][\/vc_section][vc_section el_class=&#8221;bg&#8211;secondary&#8221;][vc_row][vc_column width=&#8221;1\/6&#8243;][\/vc_column][vc_column width=&#8221;2\/3&#8243;][vc_column_text]<\/p>\n<h2 style=\"text-align: center;\">Lawyers<\/h2>\n<p class=\"lead\" style=\"text-align: center;\">You are searching for a lawyer with a different field of competence or for a different branch? We have the right contact for every field of economic law.<\/p>\n<p>[\/vc_column_text][\/vc_column][vc_column width=&#8221;1\/6&#8243;][\/vc_column][\/vc_row][vc_row css=&#8221;.vc_custom_1509963204571{padding-top: 50px !important;}&#8221;][vc_column]\n<div class=\"slider\" data-paging=\"true\" data-arrows=\"true\" data-timing=\"false\">\n    <ul class=\"slides\">\n    \t<li class=\"col-sm-4 text-center\">\n\n\n    <div class=\"feature feature-8\">\n    \t<a href=\"https:\/\/slegal.de\/en\/lawyers\/dr-astrid-puetz\/\" class=\"image-wrapper background-image-holder\">\n       \t\t<img loading=\"lazy\" decoding=\"async\" width=\"300\" height=\"300\" src=\"https:\/\/slegal.de\/wp-content\/uploads\/2017\/11\/Dr.-Puetz_3.png\" class=\"attachment-medium size-medium wp-post-image\" alt=\"\" srcset=\"https:\/\/slegal.de\/wp-content\/uploads\/2017\/11\/Dr.-Puetz_3.png 300w, https:\/\/slegal.de\/wp-content\/uploads\/2017\/11\/Dr.-Puetz_3-150x150.png 150w, https:\/\/slegal.de\/wp-content\/uploads\/2017\/11\/Dr.-Puetz_3-60x60.png 60w\" sizes=\"auto, (max-width: 300px) 100vw, 300px\" \/>        <\/a>\n        <h5 data-ajax-identifier=\"post_title\"><a class=\"h5\" href=\"https:\/\/slegal.de\/en\/lawyers\/dr-astrid-puetz\/\">Dr. Astrid P\u00fctz<\/a><\/h5><span data-ajax-identifier=\"_ebor_the_job_title\"><\/span>    <\/div>\n<\/li>\n<li class=\"col-sm-4 text-center\">\n\n\n    <div class=\"feature feature-8\">\n    \t<a href=\"https:\/\/slegal.de\/en\/lawyers\/hans-joachim-schwenke\/\" class=\"image-wrapper background-image-holder\">\n       \t\t<img loading=\"lazy\" decoding=\"async\" width=\"300\" height=\"300\" src=\"https:\/\/slegal.de\/wp-content\/uploads\/2017\/11\/hans-joachim-schwenke-300x300.png\" class=\"attachment-medium size-medium wp-post-image\" alt=\"\" srcset=\"https:\/\/slegal.de\/wp-content\/uploads\/2017\/11\/hans-joachim-schwenke-300x300.png 300w, https:\/\/slegal.de\/wp-content\/uploads\/2017\/11\/hans-joachim-schwenke-150x150.png 150w, https:\/\/slegal.de\/wp-content\/uploads\/2017\/11\/hans-joachim-schwenke-60x60.png 60w, https:\/\/slegal.de\/wp-content\/uploads\/2017\/11\/hans-joachim-schwenke.png 500w\" sizes=\"auto, (max-width: 300px) 100vw, 300px\" \/>        <\/a>\n        <h5 data-ajax-identifier=\"post_title\"><a class=\"h5\" href=\"https:\/\/slegal.de\/en\/lawyers\/hans-joachim-schwenke\/\">Hans-Joachim Schwenke<\/a><\/h5><span data-ajax-identifier=\"_ebor_the_job_title\">Founding partner, retired<\/span>    <\/div>\n<\/li>\n<li class=\"col-sm-4 text-center\">\n\n\n    <div class=\"feature feature-8\">\n    \t<a href=\"https:\/\/slegal.de\/en\/lawyers\/dr-sebastian-schuetz\/\" class=\"image-wrapper background-image-holder\">\n       \t\t<img loading=\"lazy\" decoding=\"async\" width=\"300\" height=\"300\" src=\"https:\/\/slegal.de\/wp-content\/uploads\/2017\/12\/dr-sebastian-schuetz-300x300.png\" class=\"attachment-medium size-medium wp-post-image\" alt=\"\" srcset=\"https:\/\/slegal.de\/wp-content\/uploads\/2017\/12\/dr-sebastian-schuetz-300x300.png 300w, https:\/\/slegal.de\/wp-content\/uploads\/2017\/12\/dr-sebastian-schuetz-150x150.png 150w, https:\/\/slegal.de\/wp-content\/uploads\/2017\/12\/dr-sebastian-schuetz-60x60.png 60w, https:\/\/slegal.de\/wp-content\/uploads\/2017\/12\/dr-sebastian-schuetz.png 500w\" sizes=\"auto, (max-width: 300px) 100vw, 300px\" \/>        <\/a>\n        <h5 data-ajax-identifier=\"post_title\"><a class=\"h5\" href=\"https:\/\/slegal.de\/en\/lawyers\/dr-sebastian-schuetz\/\">Dr. Sebastian Sch\u00fctz<\/a><\/h5><span data-ajax-identifier=\"_ebor_the_job_title\">Lawyer and notary<\/span>    <\/div>\n<\/li>\n<li class=\"col-sm-4 text-center\">\n\n\n    <div class=\"feature feature-8\">\n    \t<a href=\"https:\/\/slegal.de\/en\/lawyers\/holger-schuetz\/\" class=\"image-wrapper background-image-holder\">\n       \t\t<img loading=\"lazy\" decoding=\"async\" width=\"300\" height=\"300\" src=\"https:\/\/slegal.de\/wp-content\/uploads\/2017\/11\/holger-schuetz-1-300x300.png\" class=\"attachment-medium size-medium wp-post-image\" alt=\"\" srcset=\"https:\/\/slegal.de\/wp-content\/uploads\/2017\/11\/holger-schuetz-1-300x300.png 300w, https:\/\/slegal.de\/wp-content\/uploads\/2017\/11\/holger-schuetz-1-150x150.png 150w, https:\/\/slegal.de\/wp-content\/uploads\/2017\/11\/holger-schuetz-1-60x60.png 60w, https:\/\/slegal.de\/wp-content\/uploads\/2017\/11\/holger-schuetz-1.png 500w\" sizes=\"auto, (max-width: 300px) 100vw, 300px\" \/>        <\/a>\n        <h5 data-ajax-identifier=\"post_title\"><a class=\"h5\" href=\"https:\/\/slegal.de\/en\/lawyers\/holger-schuetz\/\">Holger Sch\u00fctz, LL.M. (Osnabr\u00fcck)<\/a><\/h5><span data-ajax-identifier=\"_ebor_the_job_title\">Lawyer and notary<\/span>    <\/div>\n<\/li>\n<li class=\"col-sm-4 text-center\">\n\n\n    <div class=\"feature feature-8\">\n    \t<a href=\"https:\/\/slegal.de\/en\/lawyers\/nicolas-plessow\/\" class=\"image-wrapper background-image-holder\">\n       \t\t<img loading=\"lazy\" decoding=\"async\" width=\"300\" height=\"300\" src=\"https:\/\/slegal.de\/wp-content\/uploads\/2017\/02\/nicolas-plessow-300x300.png\" class=\"attachment-medium size-medium wp-post-image\" alt=\"Nicolas Plessow - Rechtsanwalt in Berlin\" srcset=\"https:\/\/slegal.de\/wp-content\/uploads\/2017\/02\/nicolas-plessow-300x300.png 300w, https:\/\/slegal.de\/wp-content\/uploads\/2017\/02\/nicolas-plessow-150x150.png 150w, https:\/\/slegal.de\/wp-content\/uploads\/2017\/02\/nicolas-plessow-60x60.png 60w, https:\/\/slegal.de\/wp-content\/uploads\/2017\/02\/nicolas-plessow.png 500w\" sizes=\"auto, (max-width: 300px) 100vw, 300px\" \/>        <\/a>\n        <h5 data-ajax-identifier=\"post_title\"><a class=\"h5\" href=\"https:\/\/slegal.de\/en\/lawyers\/nicolas-plessow\/\">Nicolas Plessow<\/a><\/h5><span data-ajax-identifier=\"_ebor_the_job_title\">Lawyer<\/span>    <\/div>\n<\/li>\n    <\/ul>\n<\/div>[\/vc_column][\/vc_row][\/vc_section]<\/p>\n<\/div>","protected":false},"excerpt":{"rendered":"<p>[vc_row full_width=&#8221;stretch_row&#8221;][vc_column][\/vc_column][\/vc_row][vc_section][vc_row content_placement=&#8221;middle&#8221;][vc_column width=&#8221;1\/3&#8243;][vc_single_image image=&#8221;3230&#8243; img_size=&#8221;full&#8221; style=&#8221;vc_box_circle_2&#8243; el_id=&#8221;profil-bild-anwalt&#8221;][\/vc_column][vc_column width=&#8221;2\/3&#8243;][vc_column_text] Holger Sch\u00fctz advises companies, investors and private individuals on the design and execution&#8230;<\/p>\n","protected":false},"author":8,"featured_media":0,"parent":3773,"menu_order":0,"comment_status":"closed","ping_status":"closed","template":"","meta":{"om_disable_all_campaigns":false,"_monsterinsights_skip_tracking":false,"_monsterinsights_sitenote_active":false,"_monsterinsights_sitenote_note":"","_monsterinsights_sitenote_category":0,"_uf_show_specific_survey":0,"_uf_disable_surveys":false,"footnotes":""},"class_list":["post-3884","page","type-page","status-publish","hentry"],"aioseo_notices":[],"yoast_head":"<!-- This site is optimized with the Yoast SEO plugin v27.3 - https:\/\/yoast.com\/product\/yoast-seo-wordpress\/ -->\n<title>Holger Sch\u00fctz, LL.M. (Osnabr\u00fcck) &#8211; Schwenke Sch\u00fctz<\/title>\n<meta name=\"robots\" content=\"index, follow, max-snippet:-1, max-image-preview:large, max-video-preview:-1\" \/>\n<link rel=\"canonical\" href=\"https:\/\/slegal.de\/en\/lawyers\/holger-schuetz\/\" \/>\n<meta property=\"og:locale\" content=\"en_US\" \/>\n<meta property=\"og:type\" content=\"article\" \/>\n<meta property=\"og:title\" content=\"Holger Sch\u00fctz, LL.M. (Osnabr\u00fcck) &#8211; Schwenke Sch\u00fctz\" \/>\n<meta property=\"og:description\" content=\"[vc_row full_width=&#8221;stretch_row&#8221;][vc_column][\/vc_column][\/vc_row][vc_section][vc_row content_placement=&#8221;middle&#8221;][vc_column width=&#8221;1\/3&#8243;][vc_single_image image=&#8221;3230&#8243; img_size=&#8221;full&#8221; style=&#8221;vc_box_circle_2&#8243; el_id=&#8221;profil-bild-anwalt&#8221;][\/vc_column][vc_column width=&#8221;2\/3&#8243;][vc_column_text] Holger Sch\u00fctz advises companies, investors and private individuals on the design and execution...\" \/>\n<meta property=\"og:url\" content=\"https:\/\/slegal.de\/en\/lawyers\/holger-schuetz\/\" \/>\n<meta property=\"og:site_name\" content=\"Schwenke Sch\u00fctz\" \/>\n<meta property=\"article:modified_time\" content=\"2023-11-22T21:36:42+00:00\" \/>\n<meta name=\"twitter:card\" content=\"summary_large_image\" \/>\n<meta name=\"twitter:label1\" content=\"Est. reading time\" \/>\n\t<meta name=\"twitter:data1\" content=\"2 minutes\" \/>\n<script type=\"application\/ld+json\" class=\"yoast-schema-graph\">{\"@context\":\"https:\\\/\\\/schema.org\",\"@graph\":[{\"@type\":\"WebPage\",\"@id\":\"https:\\\/\\\/slegal.de\\\/en\\\/lawyers\\\/holger-schuetz\\\/\",\"url\":\"https:\\\/\\\/slegal.de\\\/en\\\/lawyers\\\/holger-schuetz\\\/\",\"name\":\"Holger Sch\u00fctz, LL.M. (Osnabr\u00fcck) &#8211; Schwenke Sch\u00fctz\",\"isPartOf\":{\"@id\":\"https:\\\/\\\/slegal.de\\\/en\\\/#website\"},\"datePublished\":\"2018-02-01T13:19:38+00:00\",\"dateModified\":\"2023-11-22T21:36:42+00:00\",\"breadcrumb\":{\"@id\":\"https:\\\/\\\/slegal.de\\\/en\\\/lawyers\\\/holger-schuetz\\\/#breadcrumb\"},\"inLanguage\":\"en-US\",\"potentialAction\":[{\"@type\":\"ReadAction\",\"target\":[\"https:\\\/\\\/slegal.de\\\/en\\\/lawyers\\\/holger-schuetz\\\/\"]}]},{\"@type\":\"BreadcrumbList\",\"@id\":\"https:\\\/\\\/slegal.de\\\/en\\\/lawyers\\\/holger-schuetz\\\/#breadcrumb\",\"itemListElement\":[{\"@type\":\"ListItem\",\"position\":1,\"name\":\"Startseite\",\"item\":\"https:\\\/\\\/slegal.de\\\/en\\\/\"},{\"@type\":\"ListItem\",\"position\":2,\"name\":\"Lawyers\",\"item\":\"https:\\\/\\\/slegal.de\\\/en\\\/lawyers\\\/\"},{\"@type\":\"ListItem\",\"position\":3,\"name\":\"Holger Sch\u00fctz, LL.M. (Osnabr\u00fcck)\"}]},{\"@type\":\"WebSite\",\"@id\":\"https:\\\/\\\/slegal.de\\\/en\\\/#website\",\"url\":\"https:\\\/\\\/slegal.de\\\/en\\\/\",\"name\":\"Schwenke Sch\u00fctz\",\"description\":\"Rechtsanw\u00e4lte und Notare\",\"publisher\":{\"@id\":\"https:\\\/\\\/slegal.de\\\/en\\\/#organization\"},\"potentialAction\":[{\"@type\":\"SearchAction\",\"target\":{\"@type\":\"EntryPoint\",\"urlTemplate\":\"https:\\\/\\\/slegal.de\\\/en\\\/?s={search_term_string}\"},\"query-input\":{\"@type\":\"PropertyValueSpecification\",\"valueRequired\":true,\"valueName\":\"search_term_string\"}}],\"inLanguage\":\"en-US\"},{\"@type\":\"Organization\",\"@id\":\"https:\\\/\\\/slegal.de\\\/en\\\/#organization\",\"name\":\"Schwenke Sch\u00fctz\",\"url\":\"https:\\\/\\\/slegal.de\\\/en\\\/\",\"logo\":{\"@type\":\"ImageObject\",\"inLanguage\":\"en-US\",\"@id\":\"https:\\\/\\\/slegal.de\\\/en\\\/#\\\/schema\\\/logo\\\/image\\\/\",\"url\":\"https:\\\/\\\/slegal.de\\\/wp-content\\\/uploads\\\/2017\\\/11\\\/logo-schwenke-schuetz.png\",\"contentUrl\":\"https:\\\/\\\/slegal.de\\\/wp-content\\\/uploads\\\/2017\\\/11\\\/logo-schwenke-schuetz.png\",\"width\":370,\"height\":126,\"caption\":\"Schwenke Sch\u00fctz\"},\"image\":{\"@id\":\"https:\\\/\\\/slegal.de\\\/en\\\/#\\\/schema\\\/logo\\\/image\\\/\"},\"sameAs\":[\"https:\\\/\\\/www.linkedin.com\\\/company\\\/11433693\\\/\"]}]}<\/script>\n<!-- \/ Yoast SEO plugin. -->","yoast_head_json":{"title":"Holger Sch\u00fctz, LL.M. (Osnabr\u00fcck) &#8211; Schwenke Sch\u00fctz","robots":{"index":"index","follow":"follow","max-snippet":"max-snippet:-1","max-image-preview":"max-image-preview:large","max-video-preview":"max-video-preview:-1"},"canonical":"https:\/\/slegal.de\/en\/lawyers\/holger-schuetz\/","og_locale":"en_US","og_type":"article","og_title":"Holger Sch\u00fctz, LL.M. (Osnabr\u00fcck) &#8211; Schwenke Sch\u00fctz","og_description":"[vc_row full_width=&#8221;stretch_row&#8221;][vc_column][\/vc_column][\/vc_row][vc_section][vc_row content_placement=&#8221;middle&#8221;][vc_column width=&#8221;1\/3&#8243;][vc_single_image image=&#8221;3230&#8243; img_size=&#8221;full&#8221; style=&#8221;vc_box_circle_2&#8243; el_id=&#8221;profil-bild-anwalt&#8221;][\/vc_column][vc_column width=&#8221;2\/3&#8243;][vc_column_text] Holger Sch\u00fctz advises companies, investors and private individuals on the design and execution...","og_url":"https:\/\/slegal.de\/en\/lawyers\/holger-schuetz\/","og_site_name":"Schwenke Sch\u00fctz","article_modified_time":"2023-11-22T21:36:42+00:00","twitter_card":"summary_large_image","twitter_misc":{"Est. reading time":"2 minutes"},"schema":{"@context":"https:\/\/schema.org","@graph":[{"@type":"WebPage","@id":"https:\/\/slegal.de\/en\/lawyers\/holger-schuetz\/","url":"https:\/\/slegal.de\/en\/lawyers\/holger-schuetz\/","name":"Holger Sch\u00fctz, LL.M. (Osnabr\u00fcck) &#8211; Schwenke Sch\u00fctz","isPartOf":{"@id":"https:\/\/slegal.de\/en\/#website"},"datePublished":"2018-02-01T13:19:38+00:00","dateModified":"2023-11-22T21:36:42+00:00","breadcrumb":{"@id":"https:\/\/slegal.de\/en\/lawyers\/holger-schuetz\/#breadcrumb"},"inLanguage":"en-US","potentialAction":[{"@type":"ReadAction","target":["https:\/\/slegal.de\/en\/lawyers\/holger-schuetz\/"]}]},{"@type":"BreadcrumbList","@id":"https:\/\/slegal.de\/en\/lawyers\/holger-schuetz\/#breadcrumb","itemListElement":[{"@type":"ListItem","position":1,"name":"Startseite","item":"https:\/\/slegal.de\/en\/"},{"@type":"ListItem","position":2,"name":"Lawyers","item":"https:\/\/slegal.de\/en\/lawyers\/"},{"@type":"ListItem","position":3,"name":"Holger Sch\u00fctz, LL.M. (Osnabr\u00fcck)"}]},{"@type":"WebSite","@id":"https:\/\/slegal.de\/en\/#website","url":"https:\/\/slegal.de\/en\/","name":"Schwenke Sch\u00fctz","description":"Rechtsanw\u00e4lte und Notare","publisher":{"@id":"https:\/\/slegal.de\/en\/#organization"},"potentialAction":[{"@type":"SearchAction","target":{"@type":"EntryPoint","urlTemplate":"https:\/\/slegal.de\/en\/?s={search_term_string}"},"query-input":{"@type":"PropertyValueSpecification","valueRequired":true,"valueName":"search_term_string"}}],"inLanguage":"en-US"},{"@type":"Organization","@id":"https:\/\/slegal.de\/en\/#organization","name":"Schwenke Sch\u00fctz","url":"https:\/\/slegal.de\/en\/","logo":{"@type":"ImageObject","inLanguage":"en-US","@id":"https:\/\/slegal.de\/en\/#\/schema\/logo\/image\/","url":"https:\/\/slegal.de\/wp-content\/uploads\/2017\/11\/logo-schwenke-schuetz.png","contentUrl":"https:\/\/slegal.de\/wp-content\/uploads\/2017\/11\/logo-schwenke-schuetz.png","width":370,"height":126,"caption":"Schwenke Sch\u00fctz"},"image":{"@id":"https:\/\/slegal.de\/en\/#\/schema\/logo\/image\/"},"sameAs":["https:\/\/www.linkedin.com\/company\/11433693\/"]}]}},"_links":{"self":[{"href":"https:\/\/slegal.de\/en\/wp-json\/wp\/v2\/pages\/3884","targetHints":{"allow":["GET"]}}],"collection":[{"href":"https:\/\/slegal.de\/en\/wp-json\/wp\/v2\/pages"}],"about":[{"href":"https:\/\/slegal.de\/en\/wp-json\/wp\/v2\/types\/page"}],"author":[{"embeddable":true,"href":"https:\/\/slegal.de\/en\/wp-json\/wp\/v2\/users\/8"}],"replies":[{"embeddable":true,"href":"https:\/\/slegal.de\/en\/wp-json\/wp\/v2\/comments?post=3884"}],"version-history":[{"count":5,"href":"https:\/\/slegal.de\/en\/wp-json\/wp\/v2\/pages\/3884\/revisions"}],"predecessor-version":[{"id":22177,"href":"https:\/\/slegal.de\/en\/wp-json\/wp\/v2\/pages\/3884\/revisions\/22177"}],"up":[{"embeddable":true,"href":"https:\/\/slegal.de\/en\/wp-json\/wp\/v2\/pages\/3773"}],"wp:attachment":[{"href":"https:\/\/slegal.de\/en\/wp-json\/wp\/v2\/media?parent=3884"}],"curies":[{"name":"wp","href":"https:\/\/api.w.org\/{rel}","templated":true}]}}